{"id":38183,"date":"2021-12-11T07:59:26","date_gmt":"2021-12-11T06:59:26","guid":{"rendered":"https:\/\/www.loewen-apotheke24.com\/?post_type=product&#038;p=38183"},"modified":"2024-09-17T06:42:11","modified_gmt":"2024-09-17T05:42:11","slug":"acura-speicheltest-sars-cov-2-corona-antigen-spucktest-12-stk","status":"publish","type":"product","link":"https:\/\/www.loewen-apotheke24.com\/en\/shop\/marke\/acura-speicheltest-sars-cov-2-corona-antigen-spucktest-12-stk\/","title":{"rendered":"Acura Speicheltest SARS-CoV-2 &#8211; Corona Antigen Spucktest &#8211; 16 Stk"},"content":{"rendered":"<h3 style=\"text-align: left;\">Acura Speicheltest Diagnos COVID-19 Antigen Saliva Test<\/h3>\n<p>Acura Speicheltest 16 St\u00fcck zur Selbstanwendung. Der Acura Speicheltest (SARS-CoV-2 Spucktest) bietet einen qualitativen Nachweis von SARS-CoV-2 immuno-chromatographischer Test zum qualitativem Nachweis des SARS-CoV-2 Nucleocapsid-Proteinantigens in menschlichen Sputumproben zur Unterst\u00fctzung einer schnellen und effizienten COVID-19 Diagnostik. F\u00fcr die Testdurchf\u00fchrung ist keine invasive Probenentnahme notwendig und eignet sich daher besonders gut f\u00fcr Kinder, \u00e4ltere Menschen und Menschen mit Behinderungen. Der\u00a0 Schnelltest bietet eine schnelle und zuverl\u00e4ssige Antwort sowohl f\u00fcr symptomatische als auch f\u00fcr asymptomatische Patienten im Hinblick auf eine SARS-CoV-2 Infektion.<\/p>\n<p><strong>98% Diagnostische Spezifit\u00e4t<\/strong>. So kann zum Beispiel ein selbst Screening bei z.B. bekanntem Kontakt zu SARS-CoV-2-Infizierten durchgef\u00fchrt werden und der Infektionsstatus ermittelt werden. Das Antigen Schnelltest enth\u00e4lt alle ben\u00f6tigten Materialien und kann ortsunabh\u00e4ngig verwendet werden.<\/p>\n<p><strong><span style=\"color: #ff0000;\">Selbstanwendung f\u00fcr Jedermann &#8211; Laientest &#8211; F\u00fcr Privatpersonen.<\/span>\u00a0<\/strong><\/p>\n<p>Die Vorteile auf einen Blick:<\/p>\n<p style=\"padding-left: 40px;\">-Testergebnis in 15-20 Minuten<\/p>\n<p style=\"padding-left: 40px;\">&#8211; Einfache Handhabung ohne zus\u00e4tzliches Analysesystem<\/p>\n<p style=\"padding-left: 40px;\">&#8211; Testm\u00f6glichkeit zuhause, also wo kein Labortest zur Verf\u00fcgung steht<\/p>\n<p style=\"padding-left: 40px;\">&#8211; Test f\u00fcr den privaten Selbst-Gebrauch vorgesehen<\/p>\n<p style=\"padding-left: 40px;\">&#8211; 98% diagnostische Spezifit\u00e4t<\/p>\n<p>Zertifizierte deutsche <strong>Gebrauchsanweisung auch mit Kindern getestet, f\u00fcr Kinder und Jugendliche<\/strong> zugelassen. Gebrauchstauglichkeits-Studie nach IEC 62366<\/p>\n<p>Es handelt sich um Herstellerangaben zum Acura Speichel-Test Diagnos COVID-19 Antigen Saliva Test Kit von der Acura Kliniken Baden-Baden GmbH. Dieses Produkt ist bereits zugelassen und ist beim BfArM gelistet. <a href=\"https:\/\/www.bfarm.de\/DE\/Medizinprodukte\/Antigentests\/Antigen-Tests_zur_Eigenanwendung.html\">BfArM Sonderzulassung 5640-S-036\/21<\/a><\/p>\n<p>Bitte beachten Sie die Gebrauchsanweisung (PDF) inkl. Beschreibung f\u00fcr Heimanwendung.<\/p>\n<p>Unsere Auswahl an <a href=\"https:\/\/www.loewen-apotheke24.com\/en\/product_tag\/rapid-antigen-test\/\">Corona Antigen Tests im \u00dcberblick<\/a>.<\/p>\n<p>Die Apothekerin empfiehlt ihren Kunden bei viraler Infektion: <a href=\"https:\/\/www.loewen-apotheke24.com\/de\/shop\/labo-life\/labo-life-2l-eid-kapseln-30-st\/\">Labo Life 2L EID<\/a> | <a href=\"https:\/\/www.loewen-apotheke24.com\/de\/shop\/angebot\/omni-biotic-pro-vi-5-30x-2g-16907334\/\">Omni-Biotic Pro-Vi<\/a><\/p>\n<p>Zu Risiken und Nebenwirkungen lesen Sie die Packungsbeilage und fragen Sie Ihren Arzt oder Apotheker.<\/p>\n","protected":false},"excerpt":{"rendered":"<h2>Acura Speicheltest (COVID-19) Antigen Saliva &#8211; 16 Stk<\/h2>\n<div class=\"rating__wrap\">\n<div class=\"rating__wrap\">\n<div class=\"rating__wrap\">\n<div class=\"rating__wrap\">\n<div class=\"rating__wrap\">\n<p>Acura Speicheltest Diagnos COVID-19 Antigen Saliva Test Kit &#8211; Spucktest zur Selbstanwendung bietet eine schnelle und zuverl\u00e4ssige Antwort sowohl f\u00fcr symptomatische als auch f\u00fcr asymptomatische Patienten im Hinblick auf eine SARS-CoV-2 Infektion.<strong> 98% diagnostische Spezifit\u00e4t<\/strong>.<\/p>\n<p>BfArM Sonderzulassung 5640-S-036\/21<\/p>\n<p><strong><span style=\"color: #ff0000;\">Selbstanwendung f\u00fcr Jedermann &#8211; Laientest &#8211; F\u00fcr Privatpersonen.<\/span>\u00a0<\/strong><\/p>\n<p><strong>PZN<\/strong>:\u00a0 17252674\u00a0 (Pharmazentralnummer)<\/p>\n<p><strong>Hersteller<\/strong>: Acura Kliniken Baden-Baden GmbH<\/p>\n<p><strong>Packungsgr\u00f6\u00dfe<\/strong>: 16 St\u00fcck (8x Doppelpack)<\/p>\n<\/div>\n<\/div>\n<\/div>\n<\/div>\n<\/div>\n","protected":false},"featured_media":38185,"template":"","meta":[],"product_cat":[43],"product_tag":[28,417,433,431,428,424,422,440,425],"yoast_head":"<!-- This site is optimized with the Yoast SEO Premium plugin v21.0 (Yoast SEO v21.0) - https:\/\/yoast.com\/wordpress\/plugins\/seo\/ -->\n<title>Acura Speicheltest (SARS-CoV-2) 16 Stk. kaufen<\/title>\n<meta name=\"description\" content=\"L\u00f6wen Apotheke24 - gratis Lieferung ab 30 \u20ac - Acura Speicheltest - Spucktest SARS-CoV-2 - Zur Selbstanwendung | Corona Laientest | 16 Stk\" \/>\n<meta name=\"robots\" content=\"index, follow, max-snippet:-1, max-image-preview:large, max-video-preview:-1\" \/>\n<link rel=\"canonical\" href=\"https:\/\/www.loewen-apotheke24.com\/en\/shop\/marke\/acura-speicheltest-sars-cov-2-corona-antigen-spucktest-12-stk\/\" \/>\n<meta property=\"og:locale\" content=\"en_US\" \/>\n<meta property=\"og:type\" content=\"article\" \/>\n<meta property=\"og:title\" content=\"Acura Speicheltest (SARS-CoV-2) 16 Stk. kaufen\" \/>\n<meta property=\"og:description\" content=\"L\u00f6wen Apotheke24 - gratis Lieferung ab 30 \u20ac - Acura Speicheltest - Spucktest SARS-CoV-2 - Zur Selbstanwendung | Corona Laientest | 16 Stk\" \/>\n<meta property=\"og:url\" content=\"https:\/\/www.loewen-apotheke24.com\/en\/shop\/marke\/acura-speicheltest-sars-cov-2-corona-antigen-spucktest-12-stk\/\" \/>\n<meta property=\"og:site_name\" content=\"L\u00f6wen Apotheke24\" \/>\n<meta property=\"article:modified_time\" content=\"2024-09-17T05:42:11+00:00\" \/>\n<meta property=\"og:image\" content=\"https:\/\/www.loewen-apotheke24.com\/wp-content\/uploads\/2021\/12\/Acura-Speicheltest-Corona-Selbstanwendung-Laientest.jpg\" \/>\n\t<meta property=\"og:image:width\" content=\"600\" \/>\n\t<meta property=\"og:image:height\" content=\"600\" \/>\n\t<meta property=\"og:image:type\" content=\"image\/jpeg\" \/>\n<meta name=\"twitter:card\" content=\"summary_large_image\" \/>\n<meta name=\"twitter:label1\" content=\"Est. reading time\" \/>\n\t<meta name=\"twitter:data1\" content=\"2 minutes\" \/>\n<script type=\"application\/ld+json\" class=\"yoast-schema-graph\">{\"@context\":\"https:\/\/schema.org\",\"@graph\":[{\"@type\":\"WebPage\",\"@id\":\"https:\/\/www.loewen-apotheke24.com\/en\/shop\/marke\/acura-speicheltest-sars-cov-2-corona-antigen-spucktest-12-stk\/\",\"url\":\"https:\/\/www.loewen-apotheke24.com\/en\/shop\/marke\/acura-speicheltest-sars-cov-2-corona-antigen-spucktest-12-stk\/\",\"name\":\"Acura Speicheltest (SARS-CoV-2) 16 Stk. kaufen\",\"isPartOf\":{\"@id\":\"https:\/\/www.loewen-apotheke24.com\/en\/#website\"},\"datePublished\":\"2021-12-11T06:59:26+00:00\",\"dateModified\":\"2024-09-17T05:42:11+00:00\",\"description\":\"L\u00f6wen Apotheke24 - gratis Lieferung ab 30 \u20ac - Acura Speicheltest - Spucktest SARS-CoV-2 - Zur Selbstanwendung | Corona Laientest | 16 Stk\",\"breadcrumb\":{\"@id\":\"https:\/\/www.loewen-apotheke24.com\/en\/shop\/marke\/acura-speicheltest-sars-cov-2-corona-antigen-spucktest-12-stk\/#breadcrumb\"},\"inLanguage\":\"en-US\",\"potentialAction\":[{\"@type\":\"ReadAction\",\"target\":[\"https:\/\/www.loewen-apotheke24.com\/en\/shop\/marke\/acura-speicheltest-sars-cov-2-corona-antigen-spucktest-12-stk\/\"]}]},{\"@type\":\"BreadcrumbList\",\"@id\":\"https:\/\/www.loewen-apotheke24.com\/en\/shop\/marke\/acura-speicheltest-sars-cov-2-corona-antigen-spucktest-12-stk\/#breadcrumb\",\"itemListElement\":[{\"@type\":\"ListItem\",\"position\":1,\"name\":\"Shop\",\"item\":\"https:\/\/www.loewen-apotheke24.com\/en\/shop-3\/\"},{\"@type\":\"ListItem\",\"position\":2,\"name\":\"Acura Speicheltest SARS-CoV-2 &#8211; Corona Antigen Spucktest &#8211; 16 Stk\"}]},{\"@type\":\"WebSite\",\"@id\":\"https:\/\/www.loewen-apotheke24.com\/en\/#website\",\"url\":\"https:\/\/www.loewen-apotheke24.com\/en\/\",\"name\":\"L\u00f6wen Apotheke24\",\"description\":\"Specialist for Natural Medicine - Mail order pharmacy Baden-Baden[:en]Your Specialist for Natural Medicine - Experts from Baden-Baden, Germany\",\"publisher\":{\"@id\":\"https:\/\/www.loewen-apotheke24.com\/en\/#organization\"},\"potentialAction\":[{\"@type\":\"SearchAction\",\"target\":{\"@type\":\"EntryPoint\",\"urlTemplate\":\"https:\/\/www.loewen-apotheke24.com\/en\/?s={search_term_string}\"},\"query-input\":\"required name=search_term_string\"}],\"inLanguage\":\"en-US\"},{\"@type\":\"Organization\",\"@id\":\"https:\/\/www.loewen-apotheke24.com\/en\/#organization\",\"name\":\"L\u00f6wen Apotheke\",\"alternateName\":\"L\u00f6wen Apotheke\",\"url\":\"https:\/\/www.loewen-apotheke24.com\/en\/\",\"logo\":{\"@type\":\"ImageObject\",\"inLanguage\":\"en-US\",\"@id\":\"https:\/\/www.loewen-apotheke24.com\/en\/#\/schema\/logo\/image\/\",\"url\":\"https:\/\/www.loewen-apotheke24.com\/wp-content\/uploads\/2024\/02\/Logo-Loewen-Apotheke-700x700-1.png\",\"contentUrl\":\"https:\/\/www.loewen-apotheke24.com\/wp-content\/uploads\/2024\/02\/Logo-Loewen-Apotheke-700x700-1.png\",\"width\":700,\"height\":700,\"caption\":\"L\u00f6wen Apotheke\"},\"image\":{\"@id\":\"https:\/\/www.loewen-apotheke24.com\/en\/#\/schema\/logo\/image\/\"}}]}<\/script>\n<!-- \/ Yoast SEO Premium plugin. -->","yoast_head_json":{"title":"Acura Speicheltest (SARS-CoV-2) 16 Stk. kaufen","description":"L\u00f6wen Apotheke24 - gratis Lieferung ab 30 \u20ac - Acura Speicheltest - Spucktest SARS-CoV-2 - Zur Selbstanwendung | Corona Laientest | 16 Stk","robots":{"index":"index","follow":"follow","max-snippet":"max-snippet:-1","max-image-preview":"max-image-preview:large","max-video-preview":"max-video-preview:-1"},"canonical":"https:\/\/www.loewen-apotheke24.com\/en\/shop\/marke\/acura-speicheltest-sars-cov-2-corona-antigen-spucktest-12-stk\/","og_locale":"en_US","og_type":"article","og_title":"Acura Speicheltest (SARS-CoV-2) 16 Stk. kaufen","og_description":"L\u00f6wen Apotheke24 - gratis Lieferung ab 30 \u20ac - Acura Speicheltest - Spucktest SARS-CoV-2 - Zur Selbstanwendung | Corona Laientest | 16 Stk","og_url":"https:\/\/www.loewen-apotheke24.com\/en\/shop\/marke\/acura-speicheltest-sars-cov-2-corona-antigen-spucktest-12-stk\/","og_site_name":"L\u00f6wen Apotheke24","article_modified_time":"2024-09-17T05:42:11+00:00","og_image":[{"width":600,"height":600,"url":"https:\/\/www.loewen-apotheke24.com\/wp-content\/uploads\/2021\/12\/Acura-Speicheltest-Corona-Selbstanwendung-Laientest.jpg","type":"image\/jpeg"}],"twitter_card":"summary_large_image","twitter_misc":{"Est. reading time":"2 minutes"},"schema":{"@context":"https:\/\/schema.org","@graph":[{"@type":"WebPage","@id":"https:\/\/www.loewen-apotheke24.com\/en\/shop\/marke\/acura-speicheltest-sars-cov-2-corona-antigen-spucktest-12-stk\/","url":"https:\/\/www.loewen-apotheke24.com\/en\/shop\/marke\/acura-speicheltest-sars-cov-2-corona-antigen-spucktest-12-stk\/","name":"Acura Speicheltest (SARS-CoV-2) 16 Stk. kaufen","isPartOf":{"@id":"https:\/\/www.loewen-apotheke24.com\/en\/#website"},"datePublished":"2021-12-11T06:59:26+00:00","dateModified":"2024-09-17T05:42:11+00:00","description":"L\u00f6wen Apotheke24 - gratis Lieferung ab 30 \u20ac - Acura Speicheltest - Spucktest SARS-CoV-2 - Zur Selbstanwendung | Corona Laientest | 16 Stk","breadcrumb":{"@id":"https:\/\/www.loewen-apotheke24.com\/en\/shop\/marke\/acura-speicheltest-sars-cov-2-corona-antigen-spucktest-12-stk\/#breadcrumb"},"inLanguage":"en-US","potentialAction":[{"@type":"ReadAction","target":["https:\/\/www.loewen-apotheke24.com\/en\/shop\/marke\/acura-speicheltest-sars-cov-2-corona-antigen-spucktest-12-stk\/"]}]},{"@type":"BreadcrumbList","@id":"https:\/\/www.loewen-apotheke24.com\/en\/shop\/marke\/acura-speicheltest-sars-cov-2-corona-antigen-spucktest-12-stk\/#breadcrumb","itemListElement":[{"@type":"ListItem","position":1,"name":"Shop","item":"https:\/\/www.loewen-apotheke24.com\/en\/shop-3\/"},{"@type":"ListItem","position":2,"name":"Acura Speicheltest SARS-CoV-2 &#8211; Corona Antigen Spucktest &#8211; 16 Stk"}]},{"@type":"WebSite","@id":"https:\/\/www.loewen-apotheke24.com\/en\/#website","url":"https:\/\/www.loewen-apotheke24.com\/en\/","name":"L\u00f6wen Apotheke24","description":"Specialist for Natural Medicine - Mail order pharmacy Baden-Baden[:en]Your Specialist for Natural Medicine - Experts from Baden-Baden, Germany","publisher":{"@id":"https:\/\/www.loewen-apotheke24.com\/en\/#organization"},"potentialAction":[{"@type":"SearchAction","target":{"@type":"EntryPoint","urlTemplate":"https:\/\/www.loewen-apotheke24.com\/en\/?s={search_term_string}"},"query-input":"required name=search_term_string"}],"inLanguage":"en-US"},{"@type":"Organization","@id":"https:\/\/www.loewen-apotheke24.com\/en\/#organization","name":"L\u00f6wen Apotheke","alternateName":"L\u00f6wen Apotheke","url":"https:\/\/www.loewen-apotheke24.com\/en\/","logo":{"@type":"ImageObject","inLanguage":"en-US","@id":"https:\/\/www.loewen-apotheke24.com\/en\/#\/schema\/logo\/image\/","url":"https:\/\/www.loewen-apotheke24.com\/wp-content\/uploads\/2024\/02\/Logo-Loewen-Apotheke-700x700-1.png","contentUrl":"https:\/\/www.loewen-apotheke24.com\/wp-content\/uploads\/2024\/02\/Logo-Loewen-Apotheke-700x700-1.png","width":700,"height":700,"caption":"L\u00f6wen Apotheke"},"image":{"@id":"https:\/\/www.loewen-apotheke24.com\/en\/#\/schema\/logo\/image\/"}}]}},"_links":{"self":[{"href":"https:\/\/www.loewen-apotheke24.com\/en\/wp-json\/wp\/v2\/product\/38183"}],"collection":[{"href":"https:\/\/www.loewen-apotheke24.com\/en\/wp-json\/wp\/v2\/product"}],"about":[{"href":"https:\/\/www.loewen-apotheke24.com\/en\/wp-json\/wp\/v2\/types\/product"}],"wp:featuredmedia":[{"embeddable":true,"href":"https:\/\/www.loewen-apotheke24.com\/en\/wp-json\/wp\/v2\/media\/38185"}],"wp:attachment":[{"href":"https:\/\/www.loewen-apotheke24.com\/en\/wp-json\/wp\/v2\/media?parent=38183"}],"wp:term":[{"taxonomy":"product_cat","embeddable":true,"href":"https:\/\/www.loewen-apotheke24.com\/en\/wp-json\/wp\/v2\/product_cat?post=38183"},{"taxonomy":"product_tag","embeddable":true,"href":"https:\/\/www.loewen-apotheke24.com\/en\/wp-json\/wp\/v2\/product_tag?post=38183"}],"curies":[{"name":"wp","href":"https:\/\/api.w.org\/{rel}","templated":true}]}}