{"id":39902,"date":"2022-01-25T07:01:08","date_gmt":"2022-01-25T06:01:08","guid":{"rendered":"https:\/\/www.loewen-apotheke24.com\/?post_type=product&#038;p=39902"},"modified":"2023-03-13T09:28:44","modified_gmt":"2023-03-13T08:28:44","slug":"clinitest-rapid-covid-19-self-test-siemens-5-stk","status":"publish","type":"product","link":"https:\/\/www.loewen-apotheke24.com\/en\/shop\/marke\/clinitest-rapid-covid-19-self-test-siemens-5-stk\/","title":{"rendered":"Clinitest Rapid Covid-19 Self-Test \u2013 Siemens &#8211; 5 Stk."},"content":{"rendered":"<h3 style=\"text-align: left;\">Clinitest Rapid Covid-19 Self-Test \u2013 Siemens<\/h3>\n<p>Antigen Schnelltest (SARS-CoV-2) Clinitest Rapid Covid-19 zur Selbstanwendung. Der\u00a0 Schnelltest bietet eine schnelle und zuverl\u00e4ssige Antwort sowohl f\u00fcr symptomatische als auch f\u00fcr asymptomatische Patienten im Hinblick auf eine SARS-CoV-2 Infektion. <strong>Sensitivit\u00e4t von ~97%<\/strong>. So kann zum Beispiel ein selbst Screening bei z.B. bekanntem Kontakt zu SARS-CoV-2-Infizierten durchgef\u00fchrt werden und der Infektionsstatus ermittelt werden. Das Antigen Spucktest enth\u00e4lt alle ben\u00f6tigten Materialien und kann von medizinischem Fachpersonal ortsunabh\u00e4ngig verwendet werden.<\/p>\n<p><strong><span style=\"color: #ff0000;\">Selbstanwendung f\u00fcr Jedermann &#8211; Privatpersonen &#8211; Laientest.<\/span>\u00a0<\/strong><\/p>\n<p>Die Vorteile auf einen Blick:<\/p>\n<ul style=\"list-style-type: square;\">\n<li>Testergebnis in 15 Minuten<\/li>\n<li>Einfache Handhabung ohne zus\u00e4tzliches Analysesystem<\/li>\n<li>Probenmaterial: Nasopharynx<\/li>\n<li>Testm\u00f6glichkeit zuhause, also wo kein Labortest zur Verf\u00fcgung steht<\/li>\n<li>Test f\u00fcr den privaten Selbst-Gebrauch vorgesehen<\/li>\n<li>H\u00f6he Sensitivit\u00e4t von &gt;97%. Erkennung von Omnikron<\/li>\n<\/ul>\n<p>Es handelt sich um Herstellerangaben. <a href=\"https:\/\/www.siemens-healthineers.com\/de\/point-of-care-testing\/covid-19-testing\/covid-19-tests\/clinitest-covid-19-antigen-test\" target=\"_blank\" rel=\"noopener noreferrer\">Weitere Informationen des Hersteller finden Sie hier.<\/a><\/p>\n<p>Zugelassener Tests zur Eigenanwendung durch Laien <a href=\"https:\/\/www.bfarm.de\/DE\/Medizinprodukte\/Antigentests\/_node.html\" target=\"_blank\" rel=\"noopener noreferrer\">der BfArM<\/a> AT001\/20. Siemens clinitest rapid covid-19 antigen test.<\/p>\n<p><strong><span style=\"color: #ff0000;\">Hinweise:\u00a0<\/span><\/strong><\/p>\n<p><a href=\"https:\/\/www.loewen-apotheke24.com\/wp-content\/uploads\/2021\/03\/FAQ-Siemens-Clinitest-Selbsttest.pdf\" target=\"_blank\" rel=\"noopener noreferrer\">FAQs zur Selbstanwendung<\/a>\u00a0(PDF Reader)<\/p>\n<p><a href=\"https:\/\/www.loewen-apotheke24.com\/wp-content\/uploads\/2021\/03\/Siemens-CLINITEST-Rapid-Covid-19-Antigen-Self-Test-Gebrauchsanleitung.pdf\" target=\"_blank\" rel=\"noopener noreferrer\">CLINITEST Rapid COVID-19 Antigen Self-Test\u00a0 Gebrauchsanweisung<\/a>\u00a0(PDF Reader)<\/p>\n<p>Nasen-Abstrichproben von Personen unter 18 Jahren sollten unter Aufsicht von Erwachsenen durchgef\u00fchrt werden. Personen \u00fcber 70 Jahren sollten sich bei der Entnahme ihres Nasen-Abstrichs unterst\u00fctzen lassen. Dieser Test soll bei der schnellen Diagnose von Coronavirus-Infektionen helfen. Sollten Symptome trotz negativer Testergebnisse fortbestehen, wird empfohlen, eine medizinische Fachkraft aufzusuchen, um eine kl\u00e4rende Behandlung zu erhalten.<\/p>\n<p>Zu Risiken und Nebenwirkungen lesen Sie die Packungsbeilage und fragen Sie Ihren Arzt oder Apotheker.<\/p>\n<p>Die Apothekerin empfiehlt ihren Kunden bei viraler Infektion: <a href=\"https:\/\/www.loewen-apotheke24.com\/de\/shop\/labo-life\/labo-life-2l-eid-kapseln-30-st\/\">Labo Life 2L EID<\/a> | <a href=\"https:\/\/www.loewen-apotheke24.com\/de\/shop\/angebot\/omni-biotic-pro-vi-5-30x-2g-16907334\/\">Omni-Biotic Pro-Vi<\/a><\/p>\n<p>Weitere Arzneien bei Fieber, Grippe oder <a href=\"https:\/\/www.loewen-apotheke24.com\/en\/product_tag\/a-cold\/\">Erk\u00e4ltungen<\/a> sowie Corona. Andere Kunden interessierten sich auch f\u00fcr Produkte zum Thema:\u00a0<a href=\"https:\/\/www.loewen-apotheke24.com\/de\/shop\/marke\/fluorecare-schnelltest-4in1-sars-cov-2-influenza-ab-rsv-antigene\/\">fluorecare Schnelltest 4in1<\/a><\/p>\n","protected":false},"excerpt":{"rendered":"<p>Clinitest Rapid Covid-19 Self-Test \u2013 Siemens 5 Stk.<\/p>\n<p>Der\u00a0 Antigen Schnelltest (SARS-CoV-2) bietet eine schnelle und zuverl\u00e4ssige Antwort sowohl f\u00fcr symptomatische als auch f\u00fcr asymptomatische Patienten im Hinblick auf eine SARS-CoV-2 Infektion. <strong>H\u00f6he Sensitivit\u00e4t von ~97%<\/strong>.<\/p>\n<p><strong><span style=\"color: #ff0000;\">Selbstanwendung f\u00fcr Jedermann &#8211; Privatpersonen &#8211; Laientest &#8211; 5 St\u00fcck <\/span>\u00a0<\/strong><\/p>\n<p><strong>PZN<\/strong>:\u00a0 16955623 (Pharmazentralnummer)<\/p>\n<p><strong>Hersteller<\/strong>: Siemens Healthcare<\/p>\n<p><strong>Packungsgr\u00f6\u00dfe<\/strong>: 5er Packung<\/p>\n<p>Beachten Sie die Hinweise zur Zulassung und Selbstanwendung.<\/p>\n","protected":false},"featured_media":39904,"template":"","meta":[],"product_cat":[43],"product_tag":[417,346,433,431,428],"yoast_head":"<!-- This site is optimized with the Yoast SEO Premium plugin v21.0 (Yoast SEO v21.0) - https:\/\/yoast.com\/wordpress\/plugins\/seo\/ -->\n<title>Clinitest Rapid Covid-19 Self-Test \u2013 Siemens - 5 Stk. kaufen<\/title>\n<meta name=\"description\" content=\"L\u00f6wen Apotheke24 - kurze Lieferzeit - gratis Lieferung ab 30 \u20ac - Clinitest Rapid Covid-19, Siemens 5 Stk. Hier preiswert bestellen!\" \/>\n<meta name=\"robots\" content=\"index, follow, max-snippet:-1, max-image-preview:large, max-video-preview:-1\" \/>\n<link rel=\"canonical\" href=\"https:\/\/www.loewen-apotheke24.com\/en\/shop\/marke\/clinitest-rapid-covid-19-self-test-siemens-5-stk\/\" \/>\n<meta property=\"og:locale\" content=\"en_US\" \/>\n<meta property=\"og:type\" content=\"article\" \/>\n<meta property=\"og:title\" content=\"Clinitest Rapid Covid-19 Self-Test \u2013 Siemens - 5 Stk. kaufen\" \/>\n<meta property=\"og:description\" content=\"L\u00f6wen Apotheke24 - kurze Lieferzeit - gratis Lieferung ab 30 \u20ac - Clinitest Rapid Covid-19, Siemens 5 Stk. Hier preiswert bestellen!\" \/>\n<meta property=\"og:url\" content=\"https:\/\/www.loewen-apotheke24.com\/en\/shop\/marke\/clinitest-rapid-covid-19-self-test-siemens-5-stk\/\" \/>\n<meta property=\"og:site_name\" content=\"L\u00f6wen Apotheke24\" \/>\n<meta property=\"article:modified_time\" content=\"2023-03-13T08:28:44+00:00\" \/>\n<meta property=\"og:image\" content=\"https:\/\/www.loewen-apotheke24.com\/wp-content\/uploads\/2022\/01\/Clinitest-Rapid-Covid-19-Self-Test-\u2013-Siemens-5Stk-1.jpg\" \/>\n\t<meta property=\"og:image:width\" content=\"675\" \/>\n\t<meta property=\"og:image:height\" content=\"600\" \/>\n\t<meta property=\"og:image:type\" content=\"image\/jpeg\" \/>\n<meta name=\"twitter:card\" content=\"summary_large_image\" \/>\n<script type=\"application\/ld+json\" class=\"yoast-schema-graph\">{\"@context\":\"https:\/\/schema.org\",\"@graph\":[{\"@type\":\"WebPage\",\"@id\":\"https:\/\/www.loewen-apotheke24.com\/en\/shop\/marke\/clinitest-rapid-covid-19-self-test-siemens-5-stk\/\",\"url\":\"https:\/\/www.loewen-apotheke24.com\/en\/shop\/marke\/clinitest-rapid-covid-19-self-test-siemens-5-stk\/\",\"name\":\"Clinitest Rapid Covid-19 Self-Test \u2013 Siemens - 5 Stk. kaufen\",\"isPartOf\":{\"@id\":\"https:\/\/www.loewen-apotheke24.com\/en\/#website\"},\"datePublished\":\"2022-01-25T06:01:08+00:00\",\"dateModified\":\"2023-03-13T08:28:44+00:00\",\"description\":\"L\u00f6wen Apotheke24 - kurze Lieferzeit - gratis Lieferung ab 30 \u20ac - Clinitest Rapid Covid-19, Siemens 5 Stk. Hier preiswert bestellen!\",\"breadcrumb\":{\"@id\":\"https:\/\/www.loewen-apotheke24.com\/en\/shop\/marke\/clinitest-rapid-covid-19-self-test-siemens-5-stk\/#breadcrumb\"},\"inLanguage\":\"en-US\",\"potentialAction\":[{\"@type\":\"ReadAction\",\"target\":[\"https:\/\/www.loewen-apotheke24.com\/en\/shop\/marke\/clinitest-rapid-covid-19-self-test-siemens-5-stk\/\"]}]},{\"@type\":\"BreadcrumbList\",\"@id\":\"https:\/\/www.loewen-apotheke24.com\/en\/shop\/marke\/clinitest-rapid-covid-19-self-test-siemens-5-stk\/#breadcrumb\",\"itemListElement\":[{\"@type\":\"ListItem\",\"position\":1,\"name\":\"Shop\",\"item\":\"https:\/\/www.loewen-apotheke24.com\/en\/shop-3\/\"},{\"@type\":\"ListItem\",\"position\":2,\"name\":\"Clinitest Rapid Covid-19 Self-Test \u2013 Siemens &#8211; 5 Stk.\"}]},{\"@type\":\"WebSite\",\"@id\":\"https:\/\/www.loewen-apotheke24.com\/en\/#website\",\"url\":\"https:\/\/www.loewen-apotheke24.com\/en\/\",\"name\":\"L\u00f6wen Apotheke24\",\"description\":\"Specialist for Natural Medicine - Mail order pharmacy Baden-Baden[:en]Your Specialist for Natural Medicine - Experts from Baden-Baden, Germany\",\"publisher\":{\"@id\":\"https:\/\/www.loewen-apotheke24.com\/en\/#organization\"},\"potentialAction\":[{\"@type\":\"SearchAction\",\"target\":{\"@type\":\"EntryPoint\",\"urlTemplate\":\"https:\/\/www.loewen-apotheke24.com\/en\/?s={search_term_string}\"},\"query-input\":\"required name=search_term_string\"}],\"inLanguage\":\"en-US\"},{\"@type\":\"Organization\",\"@id\":\"https:\/\/www.loewen-apotheke24.com\/en\/#organization\",\"name\":\"L\u00f6wen Apotheke\",\"alternateName\":\"L\u00f6wen Apotheke\",\"url\":\"https:\/\/www.loewen-apotheke24.com\/en\/\",\"logo\":{\"@type\":\"ImageObject\",\"inLanguage\":\"en-US\",\"@id\":\"https:\/\/www.loewen-apotheke24.com\/en\/#\/schema\/logo\/image\/\",\"url\":\"https:\/\/www.loewen-apotheke24.com\/wp-content\/uploads\/2024\/02\/Logo-Loewen-Apotheke-700x700-1.png\",\"contentUrl\":\"https:\/\/www.loewen-apotheke24.com\/wp-content\/uploads\/2024\/02\/Logo-Loewen-Apotheke-700x700-1.png\",\"width\":700,\"height\":700,\"caption\":\"L\u00f6wen Apotheke\"},\"image\":{\"@id\":\"https:\/\/www.loewen-apotheke24.com\/en\/#\/schema\/logo\/image\/\"}}]}<\/script>\n<!-- \/ Yoast SEO Premium plugin. -->","yoast_head_json":{"title":"Clinitest Rapid Covid-19 Self-Test \u2013 Siemens - 5 Stk. kaufen","description":"L\u00f6wen Apotheke24 - kurze Lieferzeit - gratis Lieferung ab 30 \u20ac - Clinitest Rapid Covid-19, Siemens 5 Stk. Hier preiswert bestellen!","robots":{"index":"index","follow":"follow","max-snippet":"max-snippet:-1","max-image-preview":"max-image-preview:large","max-video-preview":"max-video-preview:-1"},"canonical":"https:\/\/www.loewen-apotheke24.com\/en\/shop\/marke\/clinitest-rapid-covid-19-self-test-siemens-5-stk\/","og_locale":"en_US","og_type":"article","og_title":"Clinitest Rapid Covid-19 Self-Test \u2013 Siemens - 5 Stk. kaufen","og_description":"L\u00f6wen Apotheke24 - kurze Lieferzeit - gratis Lieferung ab 30 \u20ac - Clinitest Rapid Covid-19, Siemens 5 Stk. Hier preiswert bestellen!","og_url":"https:\/\/www.loewen-apotheke24.com\/en\/shop\/marke\/clinitest-rapid-covid-19-self-test-siemens-5-stk\/","og_site_name":"L\u00f6wen Apotheke24","article_modified_time":"2023-03-13T08:28:44+00:00","og_image":[{"width":675,"height":600,"url":"https:\/\/www.loewen-apotheke24.com\/wp-content\/uploads\/2022\/01\/Clinitest-Rapid-Covid-19-Self-Test-\u2013-Siemens-5Stk-1.jpg","type":"image\/jpeg"}],"twitter_card":"summary_large_image","schema":{"@context":"https:\/\/schema.org","@graph":[{"@type":"WebPage","@id":"https:\/\/www.loewen-apotheke24.com\/en\/shop\/marke\/clinitest-rapid-covid-19-self-test-siemens-5-stk\/","url":"https:\/\/www.loewen-apotheke24.com\/en\/shop\/marke\/clinitest-rapid-covid-19-self-test-siemens-5-stk\/","name":"Clinitest Rapid Covid-19 Self-Test \u2013 Siemens - 5 Stk. kaufen","isPartOf":{"@id":"https:\/\/www.loewen-apotheke24.com\/en\/#website"},"datePublished":"2022-01-25T06:01:08+00:00","dateModified":"2023-03-13T08:28:44+00:00","description":"L\u00f6wen Apotheke24 - kurze Lieferzeit - gratis Lieferung ab 30 \u20ac - Clinitest Rapid Covid-19, Siemens 5 Stk. Hier preiswert bestellen!","breadcrumb":{"@id":"https:\/\/www.loewen-apotheke24.com\/en\/shop\/marke\/clinitest-rapid-covid-19-self-test-siemens-5-stk\/#breadcrumb"},"inLanguage":"en-US","potentialAction":[{"@type":"ReadAction","target":["https:\/\/www.loewen-apotheke24.com\/en\/shop\/marke\/clinitest-rapid-covid-19-self-test-siemens-5-stk\/"]}]},{"@type":"BreadcrumbList","@id":"https:\/\/www.loewen-apotheke24.com\/en\/shop\/marke\/clinitest-rapid-covid-19-self-test-siemens-5-stk\/#breadcrumb","itemListElement":[{"@type":"ListItem","position":1,"name":"Shop","item":"https:\/\/www.loewen-apotheke24.com\/en\/shop-3\/"},{"@type":"ListItem","position":2,"name":"Clinitest Rapid Covid-19 Self-Test \u2013 Siemens &#8211; 5 Stk."}]},{"@type":"WebSite","@id":"https:\/\/www.loewen-apotheke24.com\/en\/#website","url":"https:\/\/www.loewen-apotheke24.com\/en\/","name":"L\u00f6wen Apotheke24","description":"Specialist for Natural Medicine - Mail order pharmacy Baden-Baden[:en]Your Specialist for Natural Medicine - Experts from Baden-Baden, Germany","publisher":{"@id":"https:\/\/www.loewen-apotheke24.com\/en\/#organization"},"potentialAction":[{"@type":"SearchAction","target":{"@type":"EntryPoint","urlTemplate":"https:\/\/www.loewen-apotheke24.com\/en\/?s={search_term_string}"},"query-input":"required name=search_term_string"}],"inLanguage":"en-US"},{"@type":"Organization","@id":"https:\/\/www.loewen-apotheke24.com\/en\/#organization","name":"L\u00f6wen Apotheke","alternateName":"L\u00f6wen Apotheke","url":"https:\/\/www.loewen-apotheke24.com\/en\/","logo":{"@type":"ImageObject","inLanguage":"en-US","@id":"https:\/\/www.loewen-apotheke24.com\/en\/#\/schema\/logo\/image\/","url":"https:\/\/www.loewen-apotheke24.com\/wp-content\/uploads\/2024\/02\/Logo-Loewen-Apotheke-700x700-1.png","contentUrl":"https:\/\/www.loewen-apotheke24.com\/wp-content\/uploads\/2024\/02\/Logo-Loewen-Apotheke-700x700-1.png","width":700,"height":700,"caption":"L\u00f6wen Apotheke"},"image":{"@id":"https:\/\/www.loewen-apotheke24.com\/en\/#\/schema\/logo\/image\/"}}]}},"_links":{"self":[{"href":"https:\/\/www.loewen-apotheke24.com\/en\/wp-json\/wp\/v2\/product\/39902"}],"collection":[{"href":"https:\/\/www.loewen-apotheke24.com\/en\/wp-json\/wp\/v2\/product"}],"about":[{"href":"https:\/\/www.loewen-apotheke24.com\/en\/wp-json\/wp\/v2\/types\/product"}],"wp:featuredmedia":[{"embeddable":true,"href":"https:\/\/www.loewen-apotheke24.com\/en\/wp-json\/wp\/v2\/media\/39904"}],"wp:attachment":[{"href":"https:\/\/www.loewen-apotheke24.com\/en\/wp-json\/wp\/v2\/media?parent=39902"}],"wp:term":[{"taxonomy":"product_cat","embeddable":true,"href":"https:\/\/www.loewen-apotheke24.com\/en\/wp-json\/wp\/v2\/product_cat?post=39902"},{"taxonomy":"product_tag","embeddable":true,"href":"https:\/\/www.loewen-apotheke24.com\/en\/wp-json\/wp\/v2\/product_tag?post=39902"}],"curies":[{"name":"wp","href":"https:\/\/api.w.org\/{rel}","templated":true}]}}