{"id":52884,"date":"2022-10-09T19:33:31","date_gmt":"2022-10-09T18:33:31","guid":{"rendered":"https:\/\/www.loewen-apotheke24.com\/?post_type=product&#038;p=52884"},"modified":"2025-01-10T16:50:13","modified_gmt":"2025-01-10T15:50:13","slug":"allegra-allergietabletten-120mg-18113489","status":"publish","type":"product","link":"https:\/\/www.loewen-apotheke24.com\/en\/shop\/marke\/allegra-allergietabletten-120mg-18113489\/","title":{"rendered":"Allegra Allergietabletten 20mg\u00a020 St."},"content":{"rendered":"<h3 style=\"text-align: left;\">Allegra Allergietabletten 20 mg Tabletten<\/h3>\n<p>Allegra Allergietabletten &#8211; zur Linderung der Beschwerden, die bei Heuschnupfen (sogenannte \u201esaisonale allergische Rhinitis\u201c) auftreten. Anwendung bei Erwachsenen und Jugendlichen ab 12 Jahren. Diese Beschwerden sind beispielsweise Niesen, eine juckende, rinnende oder verstopfte Nase und juckende, ger\u00f6tete und tr\u00e4nende Augen.<\/p>\n<p>Der Wirkstoff hilft bei Allergien und stillt den Juckreiz. Er unterdr\u00fcckt die Wirkung der k\u00f6rpereigenen Substanz Histamni, indem er sie von ihren Bindungsstellen verdr\u00e4ngt. Histamin spielt als Gewebshormon und Art Botenstoff eine wichtige Rolle bei der Entstehung von Entz\u00fcndungen und allergischen Reaktionen. Die Blockade seiner Bindungsstellen unterbricht den allergischen Reaktionsablauf.<\/p>\n<p>Anwenungsgebiete: Allergischer Schnupfen mit gleichzeitigem Auftreten von Bindehautentz\u00fcndung, z.B. Heuschnupfen, Hausstauballergie. Nesselausschlag<\/p>\n<p style=\"text-align: left;\"><strong>Allegra Allergietabletten Wirkstoffe<\/strong>: <strong>Bilastin\u00a0<\/strong><\/p>\n<p>Bilastin (Bitosen\u00ae) ist ein weiteres nicht-sedierendes, langwirksames Antihistaminikum mit einer selektiven antagonistischen Affinit\u00e4t f\u00fcr den peripheren H1-Rezeptor, das zur symptomatischen Behandlung der allergischen Rhinokonjunktivitis (saisonal und perennial) und Urtikaria indiziert ist.<\/p>\n<p>Weitere Produktdetails finden Sie beim Hersteller der Allegra Allergietabletten, Sanofi-Aventis GmbH oder <a href=\"https:\/\/www.apotheken-umschau.de\/medikamente\/beipackzettel\/allegra-allergietabletten-20-mg-tabletten-18113489.html\">hier.<\/a><\/p>\n<p>Weitere Produkte f\u00fcr den Anwendungsbereich: <a href=\"https:\/\/www.loewen-apotheke24.com\/en\/product_tag\/allergy\/\">Allergie &amp; Asthma<\/a><\/p>\n<p>Zum Beipackzettel: <a href=\"https:\/\/www.loewen-apotheke24.com\/wp-content\/uploads\/2022\/10\/Produktinformation_18113489.pdf\">Produktinformation<\/a><\/p>\n<p>Zu Risiken und Nebenwirkungen lesen Sie die Packungsbeilage und fragen Sie Ihren Arzt oder Apotheker.<\/p>\n","protected":false},"excerpt":{"rendered":"<h2>Allegra Allergietabletten 20mg<\/h2>\n<p>Zur Linderung der Beschwerden, die bei Heuschnupfen (sogenannte \u201esaisonale allergische Rhinitis\u201c) auftreten.<\/p>\n<p><strong>PZN<\/strong>: 18113489 (Pharmazentralnummer)<\/p>\n<p><strong>Darreichungsform<\/strong>: Tabletten<\/p>\n<p><strong>Verordnungsart<\/strong>: Rezeptfrei<\/p>\n<p><strong>Hersteller<\/strong>:\u00a0 Sanofi-Aventis GmbH, A. Nattermann &amp; Cie GmbH, Frankfurt am Main<\/p>\n<p><strong>Packungsgr\u00f6\u00dfe<\/strong>: 20 St\u00fcck<\/p>\n<p><span style=\"color: #ff0000;\">Ab sofort erh\u00e4ltlich. Begrenzte Verf\u00fcgbarkeit.\u00a0<\/span><span style=\"color: #ff0000;\"><a href=\"https:\/\/www.loewen-apotheke24.com\/de\/shop\/angebot\/allegra-allergietabletten-20mg-20-st-18113578\/\">Allegra Allergietabletten 50 St. sind auch vorr\u00e4tig.<\/a><\/span><\/p>\n","protected":false},"featured_media":103616,"template":"","meta":[],"product_cat":[43],"product_tag":[962,383],"yoast_head":"<!-- This site is optimized with the Yoast SEO Premium plugin v21.0 (Yoast SEO v21.0) - https:\/\/yoast.com\/wordpress\/plugins\/seo\/ -->\n<title>Allegra Allergietabletten 20mg\u00a020 St.<\/title>\n<meta name=\"description\" content=\"L\u00f6wen Apotheke24 - Spezialist f\u00fcr Naturheilkunde - kurze Lieferzeit - gratis Lieferung ab 30 \u20ac - Allegra Allergietabletten 20mg\u00a020 St.\" \/>\n<meta name=\"robots\" content=\"index, follow, max-snippet:-1, max-image-preview:large, max-video-preview:-1\" \/>\n<link rel=\"canonical\" href=\"https:\/\/www.loewen-apotheke24.com\/en\/shop\/marke\/allegra-allergietabletten-120mg-18113489\/\" \/>\n<meta property=\"og:locale\" content=\"en_US\" \/>\n<meta property=\"og:type\" content=\"article\" \/>\n<meta property=\"og:title\" content=\"Allegra Allergietabletten 20mg\u00a020 St.\" \/>\n<meta property=\"og:description\" content=\"L\u00f6wen Apotheke24 - Spezialist f\u00fcr Naturheilkunde - kurze Lieferzeit - gratis Lieferung ab 30 \u20ac - Allegra Allergietabletten 20mg\u00a020 St.\" \/>\n<meta property=\"og:url\" content=\"https:\/\/www.loewen-apotheke24.com\/en\/shop\/marke\/allegra-allergietabletten-120mg-18113489\/\" \/>\n<meta property=\"og:site_name\" content=\"L\u00f6wen Apotheke24\" \/>\n<meta property=\"article:modified_time\" content=\"2025-01-10T15:50:13+00:00\" \/>\n<meta property=\"og:image\" content=\"https:\/\/www.loewen-apotheke24.com\/wp-content\/uploads\/2024\/06\/allergra-allergietabletten-50-st-loewen-apotheke-sanofi.webp\" \/>\n\t<meta property=\"og:image:width\" content=\"600\" \/>\n\t<meta property=\"og:image:height\" content=\"600\" \/>\n\t<meta property=\"og:image:type\" content=\"image\/webp\" \/>\n<meta name=\"twitter:card\" content=\"summary_large_image\" \/>\n<meta name=\"twitter:label1\" content=\"Est. reading time\" \/>\n\t<meta name=\"twitter:data1\" content=\"1 minute\" \/>\n<script type=\"application\/ld+json\" class=\"yoast-schema-graph\">{\"@context\":\"https:\/\/schema.org\",\"@graph\":[{\"@type\":\"WebPage\",\"@id\":\"https:\/\/www.loewen-apotheke24.com\/en\/shop\/marke\/allegra-allergietabletten-120mg-18113489\/\",\"url\":\"https:\/\/www.loewen-apotheke24.com\/en\/shop\/marke\/allegra-allergietabletten-120mg-18113489\/\",\"name\":\"Allegra Allergietabletten 20mg\u00a020 St.\",\"isPartOf\":{\"@id\":\"https:\/\/www.loewen-apotheke24.com\/en\/#website\"},\"datePublished\":\"2022-10-09T18:33:31+00:00\",\"dateModified\":\"2025-01-10T15:50:13+00:00\",\"description\":\"L\u00f6wen Apotheke24 - Spezialist f\u00fcr Naturheilkunde - kurze Lieferzeit - gratis Lieferung ab 30 \u20ac - Allegra Allergietabletten 20mg\u00a020 St.\",\"breadcrumb\":{\"@id\":\"https:\/\/www.loewen-apotheke24.com\/en\/shop\/marke\/allegra-allergietabletten-120mg-18113489\/#breadcrumb\"},\"inLanguage\":\"en-US\",\"potentialAction\":[{\"@type\":\"ReadAction\",\"target\":[\"https:\/\/www.loewen-apotheke24.com\/en\/shop\/marke\/allegra-allergietabletten-120mg-18113489\/\"]}]},{\"@type\":\"BreadcrumbList\",\"@id\":\"https:\/\/www.loewen-apotheke24.com\/en\/shop\/marke\/allegra-allergietabletten-120mg-18113489\/#breadcrumb\",\"itemListElement\":[{\"@type\":\"ListItem\",\"position\":1,\"name\":\"Shop\",\"item\":\"https:\/\/www.loewen-apotheke24.com\/en\/shop-3\/\"},{\"@type\":\"ListItem\",\"position\":2,\"name\":\"Allegra Allergietabletten 20mg\u00a020 St.\"}]},{\"@type\":\"WebSite\",\"@id\":\"https:\/\/www.loewen-apotheke24.com\/en\/#website\",\"url\":\"https:\/\/www.loewen-apotheke24.com\/en\/\",\"name\":\"L\u00f6wen Apotheke24\",\"description\":\"Specialist for Natural Medicine - Mail order pharmacy Baden-Baden[:en]Your Specialist for Natural Medicine - Experts from Baden-Baden, Germany\",\"publisher\":{\"@id\":\"https:\/\/www.loewen-apotheke24.com\/en\/#organization\"},\"potentialAction\":[{\"@type\":\"SearchAction\",\"target\":{\"@type\":\"EntryPoint\",\"urlTemplate\":\"https:\/\/www.loewen-apotheke24.com\/en\/?s={search_term_string}\"},\"query-input\":\"required name=search_term_string\"}],\"inLanguage\":\"en-US\"},{\"@type\":\"Organization\",\"@id\":\"https:\/\/www.loewen-apotheke24.com\/en\/#organization\",\"name\":\"L\u00f6wen Apotheke\",\"alternateName\":\"L\u00f6wen Apotheke\",\"url\":\"https:\/\/www.loewen-apotheke24.com\/en\/\",\"logo\":{\"@type\":\"ImageObject\",\"inLanguage\":\"en-US\",\"@id\":\"https:\/\/www.loewen-apotheke24.com\/en\/#\/schema\/logo\/image\/\",\"url\":\"https:\/\/www.loewen-apotheke24.com\/wp-content\/uploads\/2024\/02\/Logo-Loewen-Apotheke-700x700-1.png\",\"contentUrl\":\"https:\/\/www.loewen-apotheke24.com\/wp-content\/uploads\/2024\/02\/Logo-Loewen-Apotheke-700x700-1.png\",\"width\":700,\"height\":700,\"caption\":\"L\u00f6wen Apotheke\"},\"image\":{\"@id\":\"https:\/\/www.loewen-apotheke24.com\/en\/#\/schema\/logo\/image\/\"}}]}<\/script>\n<!-- \/ Yoast SEO Premium plugin. -->","yoast_head_json":{"title":"Allegra Allergietabletten 20mg\u00a020 St.","description":"L\u00f6wen Apotheke24 - Spezialist f\u00fcr Naturheilkunde - kurze Lieferzeit - gratis Lieferung ab 30 \u20ac - Allegra Allergietabletten 20mg\u00a020 St.","robots":{"index":"index","follow":"follow","max-snippet":"max-snippet:-1","max-image-preview":"max-image-preview:large","max-video-preview":"max-video-preview:-1"},"canonical":"https:\/\/www.loewen-apotheke24.com\/en\/shop\/marke\/allegra-allergietabletten-120mg-18113489\/","og_locale":"en_US","og_type":"article","og_title":"Allegra Allergietabletten 20mg\u00a020 St.","og_description":"L\u00f6wen Apotheke24 - Spezialist f\u00fcr Naturheilkunde - kurze Lieferzeit - gratis Lieferung ab 30 \u20ac - Allegra Allergietabletten 20mg\u00a020 St.","og_url":"https:\/\/www.loewen-apotheke24.com\/en\/shop\/marke\/allegra-allergietabletten-120mg-18113489\/","og_site_name":"L\u00f6wen Apotheke24","article_modified_time":"2025-01-10T15:50:13+00:00","og_image":[{"width":600,"height":600,"url":"https:\/\/www.loewen-apotheke24.com\/wp-content\/uploads\/2024\/06\/allergra-allergietabletten-50-st-loewen-apotheke-sanofi.webp","type":"image\/webp"}],"twitter_card":"summary_large_image","twitter_misc":{"Est. reading time":"1 minute"},"schema":{"@context":"https:\/\/schema.org","@graph":[{"@type":"WebPage","@id":"https:\/\/www.loewen-apotheke24.com\/en\/shop\/marke\/allegra-allergietabletten-120mg-18113489\/","url":"https:\/\/www.loewen-apotheke24.com\/en\/shop\/marke\/allegra-allergietabletten-120mg-18113489\/","name":"Allegra Allergietabletten 20mg\u00a020 St.","isPartOf":{"@id":"https:\/\/www.loewen-apotheke24.com\/en\/#website"},"datePublished":"2022-10-09T18:33:31+00:00","dateModified":"2025-01-10T15:50:13+00:00","description":"L\u00f6wen Apotheke24 - Spezialist f\u00fcr Naturheilkunde - kurze Lieferzeit - gratis Lieferung ab 30 \u20ac - Allegra Allergietabletten 20mg\u00a020 St.","breadcrumb":{"@id":"https:\/\/www.loewen-apotheke24.com\/en\/shop\/marke\/allegra-allergietabletten-120mg-18113489\/#breadcrumb"},"inLanguage":"en-US","potentialAction":[{"@type":"ReadAction","target":["https:\/\/www.loewen-apotheke24.com\/en\/shop\/marke\/allegra-allergietabletten-120mg-18113489\/"]}]},{"@type":"BreadcrumbList","@id":"https:\/\/www.loewen-apotheke24.com\/en\/shop\/marke\/allegra-allergietabletten-120mg-18113489\/#breadcrumb","itemListElement":[{"@type":"ListItem","position":1,"name":"Shop","item":"https:\/\/www.loewen-apotheke24.com\/en\/shop-3\/"},{"@type":"ListItem","position":2,"name":"Allegra Allergietabletten 20mg\u00a020 St."}]},{"@type":"WebSite","@id":"https:\/\/www.loewen-apotheke24.com\/en\/#website","url":"https:\/\/www.loewen-apotheke24.com\/en\/","name":"L\u00f6wen Apotheke24","description":"Specialist for Natural Medicine - Mail order pharmacy Baden-Baden[:en]Your Specialist for Natural Medicine - Experts from Baden-Baden, Germany","publisher":{"@id":"https:\/\/www.loewen-apotheke24.com\/en\/#organization"},"potentialAction":[{"@type":"SearchAction","target":{"@type":"EntryPoint","urlTemplate":"https:\/\/www.loewen-apotheke24.com\/en\/?s={search_term_string}"},"query-input":"required name=search_term_string"}],"inLanguage":"en-US"},{"@type":"Organization","@id":"https:\/\/www.loewen-apotheke24.com\/en\/#organization","name":"L\u00f6wen Apotheke","alternateName":"L\u00f6wen Apotheke","url":"https:\/\/www.loewen-apotheke24.com\/en\/","logo":{"@type":"ImageObject","inLanguage":"en-US","@id":"https:\/\/www.loewen-apotheke24.com\/en\/#\/schema\/logo\/image\/","url":"https:\/\/www.loewen-apotheke24.com\/wp-content\/uploads\/2024\/02\/Logo-Loewen-Apotheke-700x700-1.png","contentUrl":"https:\/\/www.loewen-apotheke24.com\/wp-content\/uploads\/2024\/02\/Logo-Loewen-Apotheke-700x700-1.png","width":700,"height":700,"caption":"L\u00f6wen Apotheke"},"image":{"@id":"https:\/\/www.loewen-apotheke24.com\/en\/#\/schema\/logo\/image\/"}}]}},"_links":{"self":[{"href":"https:\/\/www.loewen-apotheke24.com\/en\/wp-json\/wp\/v2\/product\/52884"}],"collection":[{"href":"https:\/\/www.loewen-apotheke24.com\/en\/wp-json\/wp\/v2\/product"}],"about":[{"href":"https:\/\/www.loewen-apotheke24.com\/en\/wp-json\/wp\/v2\/types\/product"}],"wp:featuredmedia":[{"embeddable":true,"href":"https:\/\/www.loewen-apotheke24.com\/en\/wp-json\/wp\/v2\/media\/103616"}],"wp:attachment":[{"href":"https:\/\/www.loewen-apotheke24.com\/en\/wp-json\/wp\/v2\/media?parent=52884"}],"wp:term":[{"taxonomy":"product_cat","embeddable":true,"href":"https:\/\/www.loewen-apotheke24.com\/en\/wp-json\/wp\/v2\/product_cat?post=52884"},{"taxonomy":"product_tag","embeddable":true,"href":"https:\/\/www.loewen-apotheke24.com\/en\/wp-json\/wp\/v2\/product_tag?post=52884"}],"curies":[{"name":"wp","href":"https:\/\/api.w.org\/{rel}","templated":true}]}}