{"id":923,"date":"2017-08-09T19:30:20","date_gmt":"2017-08-09T18:30:20","guid":{"rendered":"https:\/\/www.loewen-apotheke24.com\/?post_type=product&#038;p=923"},"modified":"2024-02-27T19:46:52","modified_gmt":"2024-02-27T18:46:52","slug":"apogero-nr-64-d8-oraltropfen-individual-rezeptur-15ml","status":"publish","type":"product","link":"https:\/\/www.loewen-apotheke24.com\/en\/shop\/loewen-apotheke\/apogero-nr-64-d8-oraltropfen-individual-rezeptur-15ml\/","title":{"rendered":"Apogero Nr.64 D8 Oraltropfen Individual-Rezeptur 15ml"},"content":{"rendered":"<h3 style=\"text-align: left;\">Apogero Nr.64 D8 Oraltropfen Individual-Rezeptur 15ml<\/h3>\n<p><span style=\"font-family: georgia, palatino, serif;\">&#8220;ehemals Neygero D7 Oral&#8221;<\/span><\/p>\n<p><span style=\"font-size: 12pt; font-family: georgia, palatino, serif;\"><span style=\"color: #333333;\">Die Herstellung erfolgt im Rahmen einer rezepturm\u00e4\u00dfigen <a href=\"https:\/\/www.loewen-apotheke24.com\/en\/product_tag\/individual-recipe\/\">Einzelanfertigung<\/a> speziell auf Ihre individuelle Bestellung.<\/span><\/span><\/p>\n<div><span style=\"font-family: georgia, palatino, serif;\">Die L\u00f6wen Apotheke Baden-Baden, stellt aus Fertigarzneimitteln der Firma vitOrgan, Individualrezepturen in D8 her,<\/span><\/div>\n<div><span style=\"font-family: georgia, palatino, serif;\">entsprechend der Rezepturen, der nicht mehr hergestellten Linguale.<\/span><\/div>\n<div>\n<p>Die Herstellung erfolgt im Rahmen einer rezepturm\u00e4\u00dfigen Einzelanfertigung speziell auf Ihre individuelle Bestellung.<\/p>\n<p>Weitere Produktdetails und Produktgr\u00f6\u00dfen finden Sie beim Hersteller: <a href=\"https:\/\/www.loewen-apotheke24.com\/en\/product_cat\/loewen-apotheke-en\/\">L\u00f6wen Apotheke Baden-Baden<\/a> oder beim Partner: <a href=\"https:\/\/www.loewen-apotheke24.com\/en\/product_cat\/vitorgan-en\/\">vitOrgan<\/a><\/p>\n<p>Andere Kunden interessierten sich auch f\u00fcr Produkte zum Thema: <a href=\"https:\/\/www.loewen-apotheke24.com\/en\/product_tag\/restlessness\/\">Schlafst\u00f6rungen, Unruhe<\/a>\u00a0|\u00a0\u00a0<a href=\"https:\/\/www.loewen-apotheke24.com\/en\/product_tag\/travel-pharmacy\/\">Reiseapotheke\u00a0<\/a><\/p>\n<p>Informationen auf dieser Website werden ausschlie\u00dflich f\u00fcr informative Zwecke zur Verf\u00fcgung gestellt. Sie ersetzen keinesfalls die Untersuchung und Behandlung durch einen Arzt. Bitte beachten Sie, dass hierdurch weder Diagnosen gestellt noch Therapien eingeleitet werden k\u00f6nnen.<\/p>\n<p>Zu Risiken und Nebenwirkungen lesen Sie die Packungsbeilage und fragen Sie Ihren Arzt oder Apotheker.<\/p>\n<h3 style=\"text-align: left;\">Rezept | E-Rezept vorhanden?<\/h3>\n<p>Reichen Sie jetzt Ihr E-Rezept ein. Nutzen Sie unsere\u00a0<a href=\"https:\/\/e-rezept-app.de\/shop-rezept\" target=\"_blank\" rel=\"noopener\">E-Rezept<\/a>\u00a0App. Und wir schenken Ihnen die Versandkosten!<\/p>\n<\/div>\n","protected":false},"excerpt":{"rendered":"<h2 style=\"text-align: left;\">Apogero Nr.64 D8 Oraltropfen Individual-Rezeptur 15ml<\/h2>\n<div>\n<p>Die L\u00f6wen Apotheke Baden-Baden, stellt aus Fertigarzneimitteln der Firma vitOrgan, Individualrezepturen in D8 her, entsprechend der Rezepturen, der nicht mehr hergestellten Linguale.<\/p>\n<\/div>\n<div>\n<p><strong>PZN<\/strong>: \u2013 (Pharmazentralnummer)<\/p>\n<p><strong>Darreichungsform<\/strong>:\u00a0 Tropfen<\/p>\n<p><strong>Hersteller<\/strong>: L\u00f6wen Apotheke<\/p>\n<\/div>\n","protected":false},"featured_media":88271,"template":"","meta":[],"product_cat":[89],"product_tag":[74,110,118,109],"yoast_head":"<!-- This site is optimized with the Yoast SEO Premium plugin v21.0 (Yoast SEO v21.0) - https:\/\/yoast.com\/wordpress\/plugins\/seo\/ -->\n<title>Apogero Nr.64 D8 Oraltropfen Individual-Rezeptur 15ml<\/title>\n<meta name=\"description\" content=\"L\u00f6wen Apotheke24 aus Baden-Baden, DE - kurze Lieferzeit - Spezialist f\u00fcr Naturheilkunde - Apogero Nr.64 D8 Oraltropfen Individual-Rezeptur 15ml\" \/>\n<meta name=\"robots\" content=\"index, follow, max-snippet:-1, max-image-preview:large, max-video-preview:-1\" \/>\n<link rel=\"canonical\" href=\"https:\/\/www.loewen-apotheke24.com\/en\/shop\/loewen-apotheke\/apogero-nr-64-d8-oraltropfen-individual-rezeptur-15ml\/\" \/>\n<meta property=\"og:locale\" content=\"en_US\" \/>\n<meta property=\"og:type\" content=\"article\" \/>\n<meta property=\"og:title\" content=\"Apogero Nr.64 D8 Oraltropfen Individual-Rezeptur 15ml\" \/>\n<meta property=\"og:description\" content=\"L\u00f6wen Apotheke24 aus Baden-Baden, DE - kurze Lieferzeit - Spezialist f\u00fcr Naturheilkunde - Apogero Nr.64 D8 Oraltropfen Individual-Rezeptur 15ml\" \/>\n<meta property=\"og:url\" content=\"https:\/\/www.loewen-apotheke24.com\/en\/shop\/loewen-apotheke\/apogero-nr-64-d8-oraltropfen-individual-rezeptur-15ml\/\" \/>\n<meta property=\"og:site_name\" content=\"L\u00f6wen Apotheke24\" \/>\n<meta property=\"article:modified_time\" content=\"2024-02-27T18:46:52+00:00\" \/>\n<meta property=\"og:image\" content=\"https:\/\/www.loewen-apotheke24.com\/wp-content\/uploads\/2017\/08\/Indivuidual-Herstellungen-Loewen-Apotheke-vitOrgan.webp\" \/>\n\t<meta property=\"og:image:width\" content=\"600\" \/>\n\t<meta property=\"og:image:height\" content=\"600\" \/>\n\t<meta property=\"og:image:type\" content=\"image\/webp\" \/>\n<meta name=\"twitter:card\" content=\"summary_large_image\" \/>\n<meta name=\"twitter:label1\" content=\"Est. reading time\" \/>\n\t<meta name=\"twitter:data1\" content=\"1 minute\" \/>\n<script type=\"application\/ld+json\" class=\"yoast-schema-graph\">{\"@context\":\"https:\/\/schema.org\",\"@graph\":[{\"@type\":\"WebPage\",\"@id\":\"https:\/\/www.loewen-apotheke24.com\/en\/shop\/loewen-apotheke\/apogero-nr-64-d8-oraltropfen-individual-rezeptur-15ml\/\",\"url\":\"https:\/\/www.loewen-apotheke24.com\/en\/shop\/loewen-apotheke\/apogero-nr-64-d8-oraltropfen-individual-rezeptur-15ml\/\",\"name\":\"Apogero Nr.64 D8 Oraltropfen Individual-Rezeptur 15ml\",\"isPartOf\":{\"@id\":\"https:\/\/www.loewen-apotheke24.com\/en\/#website\"},\"datePublished\":\"2017-08-09T18:30:20+00:00\",\"dateModified\":\"2024-02-27T18:46:52+00:00\",\"description\":\"L\u00f6wen Apotheke24 aus Baden-Baden, DE - kurze Lieferzeit - Spezialist f\u00fcr Naturheilkunde - Apogero Nr.64 D8 Oraltropfen Individual-Rezeptur 15ml\",\"breadcrumb\":{\"@id\":\"https:\/\/www.loewen-apotheke24.com\/en\/shop\/loewen-apotheke\/apogero-nr-64-d8-oraltropfen-individual-rezeptur-15ml\/#breadcrumb\"},\"inLanguage\":\"en-US\",\"potentialAction\":[{\"@type\":\"ReadAction\",\"target\":[\"https:\/\/www.loewen-apotheke24.com\/en\/shop\/loewen-apotheke\/apogero-nr-64-d8-oraltropfen-individual-rezeptur-15ml\/\"]}]},{\"@type\":\"BreadcrumbList\",\"@id\":\"https:\/\/www.loewen-apotheke24.com\/en\/shop\/loewen-apotheke\/apogero-nr-64-d8-oraltropfen-individual-rezeptur-15ml\/#breadcrumb\",\"itemListElement\":[{\"@type\":\"ListItem\",\"position\":1,\"name\":\"Shop\",\"item\":\"https:\/\/www.loewen-apotheke24.com\/en\/shop-3\/\"},{\"@type\":\"ListItem\",\"position\":2,\"name\":\"Apogero Nr.64 D8 Oraltropfen Individual-Rezeptur 15ml\"}]},{\"@type\":\"WebSite\",\"@id\":\"https:\/\/www.loewen-apotheke24.com\/en\/#website\",\"url\":\"https:\/\/www.loewen-apotheke24.com\/en\/\",\"name\":\"L\u00f6wen Apotheke24\",\"description\":\"Specialist for Natural Medicine - Mail order pharmacy Baden-Baden[:en]Your Specialist for Natural Medicine - Experts from Baden-Baden, Germany\",\"publisher\":{\"@id\":\"https:\/\/www.loewen-apotheke24.com\/en\/#organization\"},\"potentialAction\":[{\"@type\":\"SearchAction\",\"target\":{\"@type\":\"EntryPoint\",\"urlTemplate\":\"https:\/\/www.loewen-apotheke24.com\/en\/?s={search_term_string}\"},\"query-input\":\"required name=search_term_string\"}],\"inLanguage\":\"en-US\"},{\"@type\":\"Organization\",\"@id\":\"https:\/\/www.loewen-apotheke24.com\/en\/#organization\",\"name\":\"L\u00f6wen Apotheke\",\"alternateName\":\"L\u00f6wen Apotheke\",\"url\":\"https:\/\/www.loewen-apotheke24.com\/en\/\",\"logo\":{\"@type\":\"ImageObject\",\"inLanguage\":\"en-US\",\"@id\":\"https:\/\/www.loewen-apotheke24.com\/en\/#\/schema\/logo\/image\/\",\"url\":\"https:\/\/www.loewen-apotheke24.com\/wp-content\/uploads\/2024\/02\/Logo-Loewen-Apotheke-700x700-1.png\",\"contentUrl\":\"https:\/\/www.loewen-apotheke24.com\/wp-content\/uploads\/2024\/02\/Logo-Loewen-Apotheke-700x700-1.png\",\"width\":700,\"height\":700,\"caption\":\"L\u00f6wen Apotheke\"},\"image\":{\"@id\":\"https:\/\/www.loewen-apotheke24.com\/en\/#\/schema\/logo\/image\/\"}}]}<\/script>\n<!-- \/ Yoast SEO Premium plugin. -->","yoast_head_json":{"title":"Apogero Nr.64 D8 Oraltropfen Individual-Rezeptur 15ml","description":"L\u00f6wen Apotheke24 aus Baden-Baden, DE - kurze Lieferzeit - Spezialist f\u00fcr Naturheilkunde - Apogero Nr.64 D8 Oraltropfen Individual-Rezeptur 15ml","robots":{"index":"index","follow":"follow","max-snippet":"max-snippet:-1","max-image-preview":"max-image-preview:large","max-video-preview":"max-video-preview:-1"},"canonical":"https:\/\/www.loewen-apotheke24.com\/en\/shop\/loewen-apotheke\/apogero-nr-64-d8-oraltropfen-individual-rezeptur-15ml\/","og_locale":"en_US","og_type":"article","og_title":"Apogero Nr.64 D8 Oraltropfen Individual-Rezeptur 15ml","og_description":"L\u00f6wen Apotheke24 aus Baden-Baden, DE - kurze Lieferzeit - Spezialist f\u00fcr Naturheilkunde - Apogero Nr.64 D8 Oraltropfen Individual-Rezeptur 15ml","og_url":"https:\/\/www.loewen-apotheke24.com\/en\/shop\/loewen-apotheke\/apogero-nr-64-d8-oraltropfen-individual-rezeptur-15ml\/","og_site_name":"L\u00f6wen Apotheke24","article_modified_time":"2024-02-27T18:46:52+00:00","og_image":[{"width":600,"height":600,"url":"https:\/\/www.loewen-apotheke24.com\/wp-content\/uploads\/2017\/08\/Indivuidual-Herstellungen-Loewen-Apotheke-vitOrgan.webp","type":"image\/webp"}],"twitter_card":"summary_large_image","twitter_misc":{"Est. reading time":"1 minute"},"schema":{"@context":"https:\/\/schema.org","@graph":[{"@type":"WebPage","@id":"https:\/\/www.loewen-apotheke24.com\/en\/shop\/loewen-apotheke\/apogero-nr-64-d8-oraltropfen-individual-rezeptur-15ml\/","url":"https:\/\/www.loewen-apotheke24.com\/en\/shop\/loewen-apotheke\/apogero-nr-64-d8-oraltropfen-individual-rezeptur-15ml\/","name":"Apogero Nr.64 D8 Oraltropfen Individual-Rezeptur 15ml","isPartOf":{"@id":"https:\/\/www.loewen-apotheke24.com\/en\/#website"},"datePublished":"2017-08-09T18:30:20+00:00","dateModified":"2024-02-27T18:46:52+00:00","description":"L\u00f6wen Apotheke24 aus Baden-Baden, DE - kurze Lieferzeit - Spezialist f\u00fcr Naturheilkunde - Apogero Nr.64 D8 Oraltropfen Individual-Rezeptur 15ml","breadcrumb":{"@id":"https:\/\/www.loewen-apotheke24.com\/en\/shop\/loewen-apotheke\/apogero-nr-64-d8-oraltropfen-individual-rezeptur-15ml\/#breadcrumb"},"inLanguage":"en-US","potentialAction":[{"@type":"ReadAction","target":["https:\/\/www.loewen-apotheke24.com\/en\/shop\/loewen-apotheke\/apogero-nr-64-d8-oraltropfen-individual-rezeptur-15ml\/"]}]},{"@type":"BreadcrumbList","@id":"https:\/\/www.loewen-apotheke24.com\/en\/shop\/loewen-apotheke\/apogero-nr-64-d8-oraltropfen-individual-rezeptur-15ml\/#breadcrumb","itemListElement":[{"@type":"ListItem","position":1,"name":"Shop","item":"https:\/\/www.loewen-apotheke24.com\/en\/shop-3\/"},{"@type":"ListItem","position":2,"name":"Apogero Nr.64 D8 Oraltropfen Individual-Rezeptur 15ml"}]},{"@type":"WebSite","@id":"https:\/\/www.loewen-apotheke24.com\/en\/#website","url":"https:\/\/www.loewen-apotheke24.com\/en\/","name":"L\u00f6wen Apotheke24","description":"Specialist for Natural Medicine - Mail order pharmacy Baden-Baden[:en]Your Specialist for Natural Medicine - Experts from Baden-Baden, Germany","publisher":{"@id":"https:\/\/www.loewen-apotheke24.com\/en\/#organization"},"potentialAction":[{"@type":"SearchAction","target":{"@type":"EntryPoint","urlTemplate":"https:\/\/www.loewen-apotheke24.com\/en\/?s={search_term_string}"},"query-input":"required name=search_term_string"}],"inLanguage":"en-US"},{"@type":"Organization","@id":"https:\/\/www.loewen-apotheke24.com\/en\/#organization","name":"L\u00f6wen Apotheke","alternateName":"L\u00f6wen Apotheke","url":"https:\/\/www.loewen-apotheke24.com\/en\/","logo":{"@type":"ImageObject","inLanguage":"en-US","@id":"https:\/\/www.loewen-apotheke24.com\/en\/#\/schema\/logo\/image\/","url":"https:\/\/www.loewen-apotheke24.com\/wp-content\/uploads\/2024\/02\/Logo-Loewen-Apotheke-700x700-1.png","contentUrl":"https:\/\/www.loewen-apotheke24.com\/wp-content\/uploads\/2024\/02\/Logo-Loewen-Apotheke-700x700-1.png","width":700,"height":700,"caption":"L\u00f6wen Apotheke"},"image":{"@id":"https:\/\/www.loewen-apotheke24.com\/en\/#\/schema\/logo\/image\/"}}]}},"_links":{"self":[{"href":"https:\/\/www.loewen-apotheke24.com\/en\/wp-json\/wp\/v2\/product\/923"}],"collection":[{"href":"https:\/\/www.loewen-apotheke24.com\/en\/wp-json\/wp\/v2\/product"}],"about":[{"href":"https:\/\/www.loewen-apotheke24.com\/en\/wp-json\/wp\/v2\/types\/product"}],"wp:featuredmedia":[{"embeddable":true,"href":"https:\/\/www.loewen-apotheke24.com\/en\/wp-json\/wp\/v2\/media\/88271"}],"wp:attachment":[{"href":"https:\/\/www.loewen-apotheke24.com\/en\/wp-json\/wp\/v2\/media?parent=923"}],"wp:term":[{"taxonomy":"product_cat","embeddable":true,"href":"https:\/\/www.loewen-apotheke24.com\/en\/wp-json\/wp\/v2\/product_cat?post=923"},{"taxonomy":"product_tag","embeddable":true,"href":"https:\/\/www.loewen-apotheke24.com\/en\/wp-json\/wp\/v2\/product_tag?post=923"}],"curies":[{"name":"wp","href":"https:\/\/api.w.org\/{rel}","templated":true}]}}