{"id":979,"date":"2017-05-26T11:20:30","date_gmt":"2017-05-26T11:20:30","guid":{"rendered":"https:\/\/www.loewen-apotheke24.com\/?post_type=product&#038;p=979"},"modified":"2024-01-19T21:33:53","modified_gmt":"2024-01-19T20:33:53","slug":"mein-schuessler-salz-leistungssteigerung","status":"publish","type":"product","link":"https:\/\/www.loewen-apotheke24.com\/en\/shop\/mein-schuessler-salz\/mein-schuessler-salz-leistungssteigerung\/","title":{"rendered":"Mein Sch\u00fcssler Salz Leistungssteigerungs Formel 400g"},"content":{"rendered":"<h3 style=\"text-align: left;\">Mein Sch\u00fcssler Salz Leistungssteigerungs Formel 400g<\/h3>\n<p>Sch\u00fcssler Salz Leistungssteigerungs Formel 4-w\u00f6chige Vitalkur (Sch\u00fcssler Salze 9,23 )<\/p>\n<p style=\"text-align: left;\">Die 12 Sch\u00fcssler Salze schenken uns eine nachhaltige Regeneration. Die heilenden Salze, die der Oldenburger Arzt Dr. Wilhelm Heinrich Sch\u00fcssler (1821-1898) entdeckte, bringen den Menschen physisch, geistig und seelisch in Einklang mit sich selbst, gleichen gest\u00f6rte Stoffwechselprozesse wieder aus und halten den Organismus in Schwung. Die zw\u00f6lf \u201eSalze des Lebens\u201c wirken ganzheitlich, k\u00f6nnen jede einzelne Zelle stimulieren. Sie bewirken eine schnelle, nachhaltige Regeneration und dauerhafte Gesundheit.<strong>\u00a0\u00a0<\/strong><\/p>\n<p style=\"text-align: left;\">Die Herstellung erfolgt im Rahmen einer rezepturm\u00e4\u00dfigen Einzelanfertigung speziell auf Ihre individuelle Bestellung.<\/p>\n<p style=\"text-align: left;\">Zu Risiken und Nebenwirkungen lesen Sie die Packungsbeilage und fragen Sie Ihren Arzt oder Apotheker.<\/p>\n","protected":false},"excerpt":{"rendered":"<h2 style=\"text-align: left;\">Mein Sch\u00fcssler Salz Leistungssteigerungs Formel 400g<\/h2>\n<p>Sch\u00fcssler Salz Leistungssteigerungs Formel 4-w\u00f6chige Vitalkur (Sch\u00fcssler Salze 9,23 )<\/p>\n<p style=\"text-align: left;\"><strong>PZN<\/strong>:\u00a0 \u2013<\/p>\n<p style=\"text-align: left;\"><strong>Darreichungsform<\/strong>: Pulver 400g<\/p>\n<p style=\"text-align: left;\"><strong>Verordnungsart<\/strong>: Rezeptfrei<\/p>\n<p style=\"text-align: left;\"><strong>Marke<\/strong>: Mein Sch\u00fcssler Salz<\/p>\n<p style=\"text-align: left;\"><strong>Hersteller<\/strong>: L\u00f6wen Apotheke<\/p>\n<p style=\"text-align: left;\"><strong>Andere Produkt &amp; Packungsgr\u00f6\u00dfen<\/strong>:\u00a0<a href=\"https:\/\/www.loewen-apotheke24.com\/de\/product_cat\/mein-schuessler-salz\/\">Meine Sch\u00fcssler Salz<\/a><\/p>\n<p style=\"text-align: left;\"><a href=\"https:\/\/meinschuesslersalz.de\/\">Hier <\/a>finden Sie weitere Informationen zum Produkt<\/p>\n","protected":false},"featured_media":22446,"template":"","meta":[],"product_cat":[89,87],"product_tag":[28,409,136,135,134,137],"yoast_head":"<!-- This site is optimized with the Yoast SEO Premium plugin v21.0 (Yoast SEO v21.0) - https:\/\/yoast.com\/wordpress\/plugins\/seo\/ -->\n<title>Mein Sch\u00fcssler Salz Leistungssteigerungs-Formel<\/title>\n<meta name=\"description\" content=\"L\u00f6wen Apotheke24 - Ihr Spezialist f\u00fcr Naturheilkunde - Weltweiter Versand - Rezepte &amp; indiv. Herstellungen - Mein Sch\u00fcssler Salz Leistungssteigerungs-Formel\" \/>\n<meta name=\"robots\" content=\"index, follow, max-snippet:-1, max-image-preview:large, max-video-preview:-1\" \/>\n<link rel=\"canonical\" href=\"https:\/\/www.loewen-apotheke24.com\/en\/shop\/mein-schuessler-salz\/mein-schuessler-salz-leistungssteigerung\/\" \/>\n<meta property=\"og:locale\" content=\"en_US\" \/>\n<meta property=\"og:type\" content=\"article\" \/>\n<meta property=\"og:title\" content=\"Mein Sch\u00fcssler Salz Leistungssteigerungs-Formel\" \/>\n<meta property=\"og:description\" content=\"L\u00f6wen Apotheke24 - Ihr Spezialist f\u00fcr Naturheilkunde - Weltweiter Versand - Rezepte &amp; indiv. Herstellungen - Mein Sch\u00fcssler Salz Leistungssteigerungs-Formel\" \/>\n<meta property=\"og:url\" content=\"https:\/\/www.loewen-apotheke24.com\/en\/shop\/mein-schuessler-salz\/mein-schuessler-salz-leistungssteigerung\/\" \/>\n<meta property=\"og:site_name\" content=\"L\u00f6wen Apotheke24\" \/>\n<meta property=\"article:modified_time\" content=\"2024-01-19T20:33:53+00:00\" \/>\n<meta property=\"og:image\" content=\"https:\/\/www.loewen-apotheke24.com\/wp-content\/uploads\/2018\/09\/Mein-Schuessler-Salz_oS.jpg\" \/>\n\t<meta property=\"og:image:width\" content=\"600\" \/>\n\t<meta property=\"og:image:height\" content=\"600\" \/>\n\t<meta property=\"og:image:type\" content=\"image\/jpeg\" \/>\n<meta name=\"twitter:card\" content=\"summary_large_image\" \/>\n<meta name=\"twitter:label1\" content=\"Est. reading time\" \/>\n\t<meta name=\"twitter:data1\" content=\"1 minute\" \/>\n<script type=\"application\/ld+json\" class=\"yoast-schema-graph\">{\"@context\":\"https:\/\/schema.org\",\"@graph\":[{\"@type\":\"WebPage\",\"@id\":\"https:\/\/www.loewen-apotheke24.com\/en\/shop\/mein-schuessler-salz\/mein-schuessler-salz-leistungssteigerung\/\",\"url\":\"https:\/\/www.loewen-apotheke24.com\/en\/shop\/mein-schuessler-salz\/mein-schuessler-salz-leistungssteigerung\/\",\"name\":\"Mein Sch\u00fcssler Salz Leistungssteigerungs-Formel\",\"isPartOf\":{\"@id\":\"https:\/\/www.loewen-apotheke24.com\/en\/#website\"},\"datePublished\":\"2017-05-26T11:20:30+00:00\",\"dateModified\":\"2024-01-19T20:33:53+00:00\",\"description\":\"L\u00f6wen Apotheke24 - Ihr Spezialist f\u00fcr Naturheilkunde - Weltweiter Versand - Rezepte & indiv. Herstellungen - Mein Sch\u00fcssler Salz Leistungssteigerungs-Formel\",\"breadcrumb\":{\"@id\":\"https:\/\/www.loewen-apotheke24.com\/en\/shop\/mein-schuessler-salz\/mein-schuessler-salz-leistungssteigerung\/#breadcrumb\"},\"inLanguage\":\"en-US\",\"potentialAction\":[{\"@type\":\"ReadAction\",\"target\":[\"https:\/\/www.loewen-apotheke24.com\/en\/shop\/mein-schuessler-salz\/mein-schuessler-salz-leistungssteigerung\/\"]}]},{\"@type\":\"BreadcrumbList\",\"@id\":\"https:\/\/www.loewen-apotheke24.com\/en\/shop\/mein-schuessler-salz\/mein-schuessler-salz-leistungssteigerung\/#breadcrumb\",\"itemListElement\":[{\"@type\":\"ListItem\",\"position\":1,\"name\":\"Shop\",\"item\":\"https:\/\/www.loewen-apotheke24.com\/en\/shop-3\/\"},{\"@type\":\"ListItem\",\"position\":2,\"name\":\"Mein Sch\u00fcssler Salz Leistungssteigerungs Formel 400g\"}]},{\"@type\":\"WebSite\",\"@id\":\"https:\/\/www.loewen-apotheke24.com\/en\/#website\",\"url\":\"https:\/\/www.loewen-apotheke24.com\/en\/\",\"name\":\"L\u00f6wen Apotheke24\",\"description\":\"Specialist for Natural Medicine - Mail order pharmacy Baden-Baden[:en]Your Specialist for Natural Medicine - Experts from Baden-Baden, Germany\",\"publisher\":{\"@id\":\"https:\/\/www.loewen-apotheke24.com\/en\/#organization\"},\"potentialAction\":[{\"@type\":\"SearchAction\",\"target\":{\"@type\":\"EntryPoint\",\"urlTemplate\":\"https:\/\/www.loewen-apotheke24.com\/en\/?s={search_term_string}\"},\"query-input\":\"required name=search_term_string\"}],\"inLanguage\":\"en-US\"},{\"@type\":\"Organization\",\"@id\":\"https:\/\/www.loewen-apotheke24.com\/en\/#organization\",\"name\":\"L\u00f6wen Apotheke\",\"alternateName\":\"L\u00f6wen Apotheke\",\"url\":\"https:\/\/www.loewen-apotheke24.com\/en\/\",\"logo\":{\"@type\":\"ImageObject\",\"inLanguage\":\"en-US\",\"@id\":\"https:\/\/www.loewen-apotheke24.com\/en\/#\/schema\/logo\/image\/\",\"url\":\"https:\/\/www.loewen-apotheke24.com\/wp-content\/uploads\/2024\/02\/Logo-Loewen-Apotheke-700x700-1.png\",\"contentUrl\":\"https:\/\/www.loewen-apotheke24.com\/wp-content\/uploads\/2024\/02\/Logo-Loewen-Apotheke-700x700-1.png\",\"width\":700,\"height\":700,\"caption\":\"L\u00f6wen Apotheke\"},\"image\":{\"@id\":\"https:\/\/www.loewen-apotheke24.com\/en\/#\/schema\/logo\/image\/\"}}]}<\/script>\n<!-- \/ Yoast SEO Premium plugin. -->","yoast_head_json":{"title":"Mein Sch\u00fcssler Salz Leistungssteigerungs-Formel","description":"L\u00f6wen Apotheke24 - Ihr Spezialist f\u00fcr Naturheilkunde - Weltweiter Versand - Rezepte & indiv. Herstellungen - Mein Sch\u00fcssler Salz Leistungssteigerungs-Formel","robots":{"index":"index","follow":"follow","max-snippet":"max-snippet:-1","max-image-preview":"max-image-preview:large","max-video-preview":"max-video-preview:-1"},"canonical":"https:\/\/www.loewen-apotheke24.com\/en\/shop\/mein-schuessler-salz\/mein-schuessler-salz-leistungssteigerung\/","og_locale":"en_US","og_type":"article","og_title":"Mein Sch\u00fcssler Salz Leistungssteigerungs-Formel","og_description":"L\u00f6wen Apotheke24 - Ihr Spezialist f\u00fcr Naturheilkunde - Weltweiter Versand - Rezepte & indiv. Herstellungen - Mein Sch\u00fcssler Salz Leistungssteigerungs-Formel","og_url":"https:\/\/www.loewen-apotheke24.com\/en\/shop\/mein-schuessler-salz\/mein-schuessler-salz-leistungssteigerung\/","og_site_name":"L\u00f6wen Apotheke24","article_modified_time":"2024-01-19T20:33:53+00:00","og_image":[{"width":600,"height":600,"url":"https:\/\/www.loewen-apotheke24.com\/wp-content\/uploads\/2018\/09\/Mein-Schuessler-Salz_oS.jpg","type":"image\/jpeg"}],"twitter_card":"summary_large_image","twitter_misc":{"Est. reading time":"1 minute"},"schema":{"@context":"https:\/\/schema.org","@graph":[{"@type":"WebPage","@id":"https:\/\/www.loewen-apotheke24.com\/en\/shop\/mein-schuessler-salz\/mein-schuessler-salz-leistungssteigerung\/","url":"https:\/\/www.loewen-apotheke24.com\/en\/shop\/mein-schuessler-salz\/mein-schuessler-salz-leistungssteigerung\/","name":"Mein Sch\u00fcssler Salz Leistungssteigerungs-Formel","isPartOf":{"@id":"https:\/\/www.loewen-apotheke24.com\/en\/#website"},"datePublished":"2017-05-26T11:20:30+00:00","dateModified":"2024-01-19T20:33:53+00:00","description":"L\u00f6wen Apotheke24 - Ihr Spezialist f\u00fcr Naturheilkunde - Weltweiter Versand - Rezepte & indiv. Herstellungen - Mein Sch\u00fcssler Salz Leistungssteigerungs-Formel","breadcrumb":{"@id":"https:\/\/www.loewen-apotheke24.com\/en\/shop\/mein-schuessler-salz\/mein-schuessler-salz-leistungssteigerung\/#breadcrumb"},"inLanguage":"en-US","potentialAction":[{"@type":"ReadAction","target":["https:\/\/www.loewen-apotheke24.com\/en\/shop\/mein-schuessler-salz\/mein-schuessler-salz-leistungssteigerung\/"]}]},{"@type":"BreadcrumbList","@id":"https:\/\/www.loewen-apotheke24.com\/en\/shop\/mein-schuessler-salz\/mein-schuessler-salz-leistungssteigerung\/#breadcrumb","itemListElement":[{"@type":"ListItem","position":1,"name":"Shop","item":"https:\/\/www.loewen-apotheke24.com\/en\/shop-3\/"},{"@type":"ListItem","position":2,"name":"Mein Sch\u00fcssler Salz Leistungssteigerungs Formel 400g"}]},{"@type":"WebSite","@id":"https:\/\/www.loewen-apotheke24.com\/en\/#website","url":"https:\/\/www.loewen-apotheke24.com\/en\/","name":"L\u00f6wen Apotheke24","description":"Specialist for Natural Medicine - Mail order pharmacy Baden-Baden[:en]Your Specialist for Natural Medicine - Experts from Baden-Baden, Germany","publisher":{"@id":"https:\/\/www.loewen-apotheke24.com\/en\/#organization"},"potentialAction":[{"@type":"SearchAction","target":{"@type":"EntryPoint","urlTemplate":"https:\/\/www.loewen-apotheke24.com\/en\/?s={search_term_string}"},"query-input":"required name=search_term_string"}],"inLanguage":"en-US"},{"@type":"Organization","@id":"https:\/\/www.loewen-apotheke24.com\/en\/#organization","name":"L\u00f6wen Apotheke","alternateName":"L\u00f6wen Apotheke","url":"https:\/\/www.loewen-apotheke24.com\/en\/","logo":{"@type":"ImageObject","inLanguage":"en-US","@id":"https:\/\/www.loewen-apotheke24.com\/en\/#\/schema\/logo\/image\/","url":"https:\/\/www.loewen-apotheke24.com\/wp-content\/uploads\/2024\/02\/Logo-Loewen-Apotheke-700x700-1.png","contentUrl":"https:\/\/www.loewen-apotheke24.com\/wp-content\/uploads\/2024\/02\/Logo-Loewen-Apotheke-700x700-1.png","width":700,"height":700,"caption":"L\u00f6wen Apotheke"},"image":{"@id":"https:\/\/www.loewen-apotheke24.com\/en\/#\/schema\/logo\/image\/"}}]}},"_links":{"self":[{"href":"https:\/\/www.loewen-apotheke24.com\/en\/wp-json\/wp\/v2\/product\/979"}],"collection":[{"href":"https:\/\/www.loewen-apotheke24.com\/en\/wp-json\/wp\/v2\/product"}],"about":[{"href":"https:\/\/www.loewen-apotheke24.com\/en\/wp-json\/wp\/v2\/types\/product"}],"wp:featuredmedia":[{"embeddable":true,"href":"https:\/\/www.loewen-apotheke24.com\/en\/wp-json\/wp\/v2\/media\/22446"}],"wp:attachment":[{"href":"https:\/\/www.loewen-apotheke24.com\/en\/wp-json\/wp\/v2\/media?parent=979"}],"wp:term":[{"taxonomy":"product_cat","embeddable":true,"href":"https:\/\/www.loewen-apotheke24.com\/en\/wp-json\/wp\/v2\/product_cat?post=979"},{"taxonomy":"product_tag","embeddable":true,"href":"https:\/\/www.loewen-apotheke24.com\/en\/wp-json\/wp\/v2\/product_tag?post=979"}],"curies":[{"name":"wp","href":"https:\/\/api.w.org\/{rel}","templated":true}]}}